{"id":972,"date":"2020-02-26T12:05:31","date_gmt":"2020-02-26T12:05:31","guid":{"rendered":"http:\/\/eagleexpress.ch\/camo\/"},"modified":"2023-10-23T13:57:57","modified_gmt":"2023-10-23T13:57:57","slug":"camo","status":"publish","type":"page","link":"https:\/\/eagleutd.com\/fr\/camo\/","title":{"rendered":"L\u2019Organisme de Gestion du Maintien de la Navigabilit\u00e9"},"content":{"rendered":"[vc_section][vc_row equal_height=\u00a0\u00bbyes\u00a0\u00bb content_placement=\u00a0\u00bbmiddle\u00a0\u00bb][vc_column width=\u00a0\u00bb1\/3&Prime; el_class=\u00a0\u00bbz-index&#8211;2&Prime;][vc_empty_space height=\u00a0\u00bb4rem\u00a0\u00bb][vc_single_image image=\u00a0\u00bb3495&Prime; img_size=\u00a0\u00bbfull\u00a0\u00bb style=\u00a0\u00bbxtd-shadow&#8211;large-light\u00a0\u00bb el_class=\u00a0\u00bbxtd-responsive-margin-negative&#8211;right-80&Prime;][vc_empty_space height=\u00a0\u00bb2rem\u00a0\u00bb][\/vc_column][vc_column width=\u00a0\u00bb2\/3&Prime; css=\u00a0\u00bb.vc_custom_1521565908570{border-top-width: 10px !important;border-right-width: 10px !important;border-bottom-width: 10px !important;border-left-width: 10px !important;border-left-color: #f4f3f1 !important;border-left-style: solid !important;border-right-color: #f4f3f1 !important;border-right-style: solid !important;border-top-color: #f4f3f1 !important;border-top-style: solid !important;border-bottom-color: #f4f3f1 !important;border-bottom-style: solid !important;}\u00a0\u00bb][vc_row_inner][vc_column_inner width=\u00a0\u00bb1\/2&Prime; offset=\u00a0\u00bbvc_col-sm-offset-5&Prime;][vc_column_text]\n<h5>\u00c0 PROPOS DE L\u2019Organisme de Gestion du Maintien de la Navigabilit\u00e9 (CAMO)<\/h5>\n<p>Nous fournissons des solutions personnalis\u00e9es pour la gestion du maintien de la navigabilit\u00e9<br \/>\nUne organisation qui r\u00e9pond parfaitement \u00e0 vos besoins. Nos services CAMO visent \u00e0 maintenir la valeur des avions, en maximisant la disponibilit\u00e9 des avions pour nos clients.<\/p>\n[\/vc_column_text][vc_column_text]\n<h5>AVANTAGES<\/h5>\n<div>Nos services CAMO sont sp\u00e9cifiquement adapt\u00e9s \u00e0 vos besoins, ce qui nous permet de vous proposer des solutions personnalis\u00e9es, avec une grande souplesse et des normes d&rsquo;utilit\u00e9 \u00e9lev\u00e9es.<\/div>\n[\/vc_column_text][\/vc_column_inner][\/vc_row_inner][\/vc_column][\/vc_row][\/vc_section][vc_section][vc_row curly_padding=\u00a0\u00bbcontent-padding-xs\u00a0\u00bb css=\u00a0\u00bb.vc_custom_1521751083007{padding-bottom: 6rem !important;}\u00a0\u00bb][vc_column offset=\u00a0\u00bbvc_col-lg-offset-1 vc_col-lg-10&Prime;][vc_column_text]\n<h2 class=\"special-title\"><strong>Des services CAMO fiables<\/strong><\/h2>\n[\/vc_column_text][vc_column_text]\n<div>Poss\u00e9der et g\u00e9rer un jet priv\u00e9 est une t\u00e2che exigeante qui n\u00e9cessite de remplir plusieurs conditions techniques et juridiques pr\u00e9alables, dont certaines peuvent poser des probl\u00e8mes redoutables au propri\u00e9taire. Notre \u00e9quipe de service CAMO est en mesure d&rsquo;aider les propri\u00e9taires d&rsquo;avions \u00e0 remplir ces conditions.<\/div>\n[\/vc_column_text][vc_empty_space height=\u00a0\u00bb2rem\u00a0\u00bb][\/vc_column][vc_column width=\u00a0\u00bb1\/2&Prime; offset=\u00a0\u00bbvc_col-lg-offset-1 vc_col-lg-3&Prime;][vc_column_text]Notre CAMO est un partenaire fiable pour r\u00e9pondre \u00e0 toutes les exigences \u00e9mises par les fabricants et les autorit\u00e9s. La documentation fournie doit correspondre \u00e0 tout moment \u00e0 l&rsquo;\u00e9tat technique de l&rsquo;avion, ce que nous sommes tr\u00e8s fiers de faire de mani\u00e8re efficace et dans les d\u00e9lais.[\/vc_column_text][vc_btn title=\u00a0\u00bbCAMO SIGHT\u00a0\u00bb link=\u00a0\u00bburl:https%3A%2F%2Feagleutd.com%2Fwp-content%2Fuploads%2F2023%2F09%2FSI.CAMO_.052-CAMO-Sight.pdf|||\u00a0\u00bb][vc_row_inner][vc_column_inner][vc_empty_space height=\u00a0\u00bb15rem\u00a0\u00bb][vc_single_image image=\u00a0\u00bb1407&Prime; img_size=\u00a0\u00bbfull\u00a0\u00bb style=\u00a0\u00bbxtd-shadow&#8211;large-light\u00a0\u00bb][\/vc_column_inner][\/vc_row_inner][\/vc_column][vc_column width=\u00a0\u00bb1\/2&Prime; offset=\u00a0\u00bbvc_col-sm-offset-1&Prime;][vc_single_image image=\u00a0\u00bb1729&Prime; img_size=\u00a0\u00bbfull\u00a0\u00bb style=\u00a0\u00bbxtd-shadow&#8211;large-light\u00a0\u00bb][vc_empty_space height=\u00a0\u00bb2rem\u00a0\u00bb][vc_row_inner][vc_column_inner][vc_column_text]\n<h3>Nous assurons une surveillance compl\u00e8te de la maintenance des services suivants :<\/h3>\n[\/vc_column_text][vc_column_text]\n<ul>\n<li>D\u00e9veloppement, r\u00e9vision et contr\u00f4le d&rsquo;un programme de maintenance<\/li>\n<li>Planification et coordination de toutes les activit\u00e9s de maintenance programm\u00e9e dans les<br \/>\nAccord avec le programme d&rsquo;entretien approuv\u00e9<\/li>\n<li>\u00c9valuation des consignes de navigabilit\u00e9 (AD) et du bulletin de service (SB) et<br \/>\nContr\u00f4le<\/li>\n<li>Gestion des registres techniques des a\u00e9ronefs, de la maintenance et des dossiers techniques<\/li>\n<li>Gestion des modifications et des r\u00e9parations<\/li>\n<li>Coordination des d\u00e9fauts d&rsquo;a\u00e9ronefs et des situations d&rsquo;a\u00e9ronefs au sol (AOG)<\/li>\n<li>Surveillance de la fiabilit\u00e9<\/li>\n<li>Inspections avant achat (PPI)<\/li>\n<li>Import\/export d&rsquo;a\u00e9ronefs<\/li>\n<\/ul>\n[\/vc_column_text][\/vc_column_inner][\/vc_row_inner][vc_column_text]<strong>UE CAMO Approval Certificate FORM 14 Rev 06<\/strong>[\/vc_column_text][vc_btn title=\u00a0\u00bbDownload\u00a0\u00bb link=\u00a0\u00bburl:https%3A%2F%2Feagleutd.com%2Fwp-content%2Fuploads%2F2023%2F09%2FCAMO-Approval-Certificate-SI.CAMO_.052.pdf||target:%20_blank|\u00a0\u00bb][\/vc_column][\/vc_row][\/vc_section]\n","protected":false},"excerpt":{"rendered":"<p>[vc_section][vc_row equal_height=\u00a0\u00bbyes\u00a0\u00bb content_placement=\u00a0\u00bbmiddle\u00a0\u00bb][vc_column width=\u00a0\u00bb1\/3&Prime; el_class=\u00a0\u00bbz-index&#8211;2&Prime;][vc_empty_space height=\u00a0\u00bb4rem\u00a0\u00bb][vc_single_image image=\u00a0\u00bb3495&Prime; img_size=\u00a0\u00bbfull\u00a0\u00bb style=\u00a0\u00bbxtd-shadow&#8211;large-light\u00a0\u00bb el_class=\u00a0\u00bbxtd-responsive-margin-negative&#8211;right-80&Prime;][vc_empty_space height=\u00a0\u00bb2rem\u00a0\u00bb][\/vc_column][vc_column width=\u00a0\u00bb2\/3&Prime; css=\u00a0\u00bb.vc_custom_1521565908570{border-top-width: 10px !important;border-right-width: 10px !important;border-bottom-width: 10px !important;border-left-width: 10px !important;border-left-color: #f4f3f1 !important;border-left-style: solid !important;border-right-color: #f4f3f1 !important;border-right-style: solid !important;border-top-color: #f4f3f1 !important;border-top-style: solid !important;border-bottom-color: #f4f3f1 !important;border-bottom-style: solid !important;}\u00a0\u00bb][vc_row_inner][vc_column_inner width=\u00a0\u00bb1\/2&Prime; offset=\u00a0\u00bbvc_col-sm-offset-5&Prime;][vc_column_text] \u00c0 PROPOS DE L\u2019Organisme de Gestion du Maintien de la Navigabilit\u00e9 (CAMO) Nous fournissons des solutions personnalis\u00e9es pour la gestion du [&hellip;]<\/p>\n","protected":false},"author":4,"featured_media":0,"parent":0,"menu_order":0,"comment_status":"closed","ping_status":"closed","template":"","meta":{"inline_featured_image":false},"yoast_head":"<!-- This site is optimized with the Yoast SEO plugin v20.7 - https:\/\/yoast.com\/wordpress\/plugins\/seo\/ -->\n<title>L\u2019Organisme de Gestion du Maintien de la Navigabilit\u00e9 - Eagle United<\/title>\n<meta name=\"description\" content=\"L\u2019Organisme de Gestion du Maintien de la Navigabilit\u00e9 - Nous fournissons des solutions personnalis\u00e9es pour la gestion du maintien de la navigabilit\u00e9\" \/>\n<meta name=\"robots\" content=\"index, follow, max-snippet:-1, max-image-preview:large, max-video-preview:-1\" \/>\n<link rel=\"canonical\" href=\"https:\/\/eagleutd.com\/fr\/camo\/\" \/>\n<meta property=\"og:locale\" content=\"fr_FR\" \/>\n<meta property=\"og:type\" content=\"article\" \/>\n<meta property=\"og:title\" content=\"L\u2019Organisme de Gestion du Maintien de la Navigabilit\u00e9 - Eagle United\" \/>\n<meta property=\"og:description\" content=\"L\u2019Organisme de Gestion du Maintien de la Navigabilit\u00e9 - Nous fournissons des solutions personnalis\u00e9es pour la gestion du maintien de la navigabilit\u00e9\" \/>\n<meta property=\"og:url\" content=\"https:\/\/eagleutd.com\/fr\/camo\/\" \/>\n<meta property=\"og:site_name\" content=\"Eagle United\" \/>\n<meta property=\"article:modified_time\" content=\"2023-10-23T13:57:57+00:00\" \/>\n<meta name=\"twitter:card\" content=\"summary_large_image\" \/>\n<meta name=\"twitter:label1\" content=\"Dur\u00e9e de lecture estim\u00e9e\" \/>\n\t<meta name=\"twitter:data1\" content=\"2 minutes\" \/>\n<script type=\"application\/ld+json\" class=\"yoast-schema-graph\">{\"@context\":\"https:\/\/schema.org\",\"@graph\":[{\"@type\":\"WebPage\",\"@id\":\"https:\/\/eagleutd.com\/fr\/camo\/\",\"url\":\"https:\/\/eagleutd.com\/fr\/camo\/\",\"name\":\"L\u2019Organisme de Gestion du Maintien de la Navigabilit\u00e9 - Eagle United\",\"isPartOf\":{\"@id\":\"https:\/\/eagleutd.com\/#website\"},\"datePublished\":\"2020-02-26T12:05:31+00:00\",\"dateModified\":\"2023-10-23T13:57:57+00:00\",\"description\":\"L\u2019Organisme de Gestion du Maintien de la Navigabilit\u00e9 - Nous fournissons des solutions personnalis\u00e9es pour la gestion du maintien de la navigabilit\u00e9\",\"breadcrumb\":{\"@id\":\"https:\/\/eagleutd.com\/fr\/camo\/#breadcrumb\"},\"inLanguage\":\"fr-FR\",\"potentialAction\":[{\"@type\":\"ReadAction\",\"target\":[\"https:\/\/eagleutd.com\/fr\/camo\/\"]}]},{\"@type\":\"BreadcrumbList\",\"@id\":\"https:\/\/eagleutd.com\/fr\/camo\/#breadcrumb\",\"itemListElement\":[{\"@type\":\"ListItem\",\"position\":1,\"name\":\"Home\",\"item\":\"https:\/\/eagleutd.com\/fr\/\"},{\"@type\":\"ListItem\",\"position\":2,\"name\":\"L\u2019Organisme de Gestion du Maintien de la Navigabilit\u00e9\"}]},{\"@type\":\"WebSite\",\"@id\":\"https:\/\/eagleutd.com\/#website\",\"url\":\"https:\/\/eagleutd.com\/\",\"name\":\"Eagle United\",\"description\":\"\",\"publisher\":{\"@id\":\"https:\/\/eagleutd.com\/#organization\"},\"potentialAction\":[{\"@type\":\"SearchAction\",\"target\":{\"@type\":\"EntryPoint\",\"urlTemplate\":\"https:\/\/eagleutd.com\/?s={search_term_string}\"},\"query-input\":\"required name=search_term_string\"}],\"inLanguage\":\"fr-FR\"},{\"@type\":\"Organization\",\"@id\":\"https:\/\/eagleutd.com\/#organization\",\"name\":\"Eagle Express\",\"url\":\"https:\/\/eagleutd.com\/\",\"logo\":{\"@type\":\"ImageObject\",\"inLanguage\":\"fr-FR\",\"@id\":\"https:\/\/eagleutd.com\/#\/schema\/logo\/image\/\",\"url\":\"https:\/\/eagleutd.com\/wp-content\/uploads\/2020\/02\/Eagle-Express-Logo-finalpng-1-white-e1581521167329.png\",\"contentUrl\":\"https:\/\/eagleutd.com\/wp-content\/uploads\/2020\/02\/Eagle-Express-Logo-finalpng-1-white-e1581521167329.png\",\"width\":114,\"height\":98,\"caption\":\"Eagle Express\"},\"image\":{\"@id\":\"https:\/\/eagleutd.com\/#\/schema\/logo\/image\/\"}}]}<\/script>\n<!-- \/ Yoast SEO plugin. -->","yoast_head_json":{"title":"L\u2019Organisme de Gestion du Maintien de la Navigabilit\u00e9 - Eagle United","description":"L\u2019Organisme de Gestion du Maintien de la Navigabilit\u00e9 - Nous fournissons des solutions personnalis\u00e9es pour la gestion du maintien de la navigabilit\u00e9","robots":{"index":"index","follow":"follow","max-snippet":"max-snippet:-1","max-image-preview":"max-image-preview:large","max-video-preview":"max-video-preview:-1"},"canonical":"https:\/\/eagleutd.com\/fr\/camo\/","og_locale":"fr_FR","og_type":"article","og_title":"L\u2019Organisme de Gestion du Maintien de la Navigabilit\u00e9 - Eagle United","og_description":"L\u2019Organisme de Gestion du Maintien de la Navigabilit\u00e9 - Nous fournissons des solutions personnalis\u00e9es pour la gestion du maintien de la navigabilit\u00e9","og_url":"https:\/\/eagleutd.com\/fr\/camo\/","og_site_name":"Eagle United","article_modified_time":"2023-10-23T13:57:57+00:00","twitter_card":"summary_large_image","twitter_misc":{"Dur\u00e9e de lecture estim\u00e9e":"2 minutes"},"schema":{"@context":"https:\/\/schema.org","@graph":[{"@type":"WebPage","@id":"https:\/\/eagleutd.com\/fr\/camo\/","url":"https:\/\/eagleutd.com\/fr\/camo\/","name":"L\u2019Organisme de Gestion du Maintien de la Navigabilit\u00e9 - Eagle United","isPartOf":{"@id":"https:\/\/eagleutd.com\/#website"},"datePublished":"2020-02-26T12:05:31+00:00","dateModified":"2023-10-23T13:57:57+00:00","description":"L\u2019Organisme de Gestion du Maintien de la Navigabilit\u00e9 - Nous fournissons des solutions personnalis\u00e9es pour la gestion du maintien de la navigabilit\u00e9","breadcrumb":{"@id":"https:\/\/eagleutd.com\/fr\/camo\/#breadcrumb"},"inLanguage":"fr-FR","potentialAction":[{"@type":"ReadAction","target":["https:\/\/eagleutd.com\/fr\/camo\/"]}]},{"@type":"BreadcrumbList","@id":"https:\/\/eagleutd.com\/fr\/camo\/#breadcrumb","itemListElement":[{"@type":"ListItem","position":1,"name":"Home","item":"https:\/\/eagleutd.com\/fr\/"},{"@type":"ListItem","position":2,"name":"L\u2019Organisme de Gestion du Maintien de la Navigabilit\u00e9"}]},{"@type":"WebSite","@id":"https:\/\/eagleutd.com\/#website","url":"https:\/\/eagleutd.com\/","name":"Eagle United","description":"","publisher":{"@id":"https:\/\/eagleutd.com\/#organization"},"potentialAction":[{"@type":"SearchAction","target":{"@type":"EntryPoint","urlTemplate":"https:\/\/eagleutd.com\/?s={search_term_string}"},"query-input":"required name=search_term_string"}],"inLanguage":"fr-FR"},{"@type":"Organization","@id":"https:\/\/eagleutd.com\/#organization","name":"Eagle Express","url":"https:\/\/eagleutd.com\/","logo":{"@type":"ImageObject","inLanguage":"fr-FR","@id":"https:\/\/eagleutd.com\/#\/schema\/logo\/image\/","url":"https:\/\/eagleutd.com\/wp-content\/uploads\/2020\/02\/Eagle-Express-Logo-finalpng-1-white-e1581521167329.png","contentUrl":"https:\/\/eagleutd.com\/wp-content\/uploads\/2020\/02\/Eagle-Express-Logo-finalpng-1-white-e1581521167329.png","width":114,"height":98,"caption":"Eagle Express"},"image":{"@id":"https:\/\/eagleutd.com\/#\/schema\/logo\/image\/"}}]}},"_links":{"self":[{"href":"https:\/\/eagleutd.com\/fr\/wp-json\/wp\/v2\/pages\/972"}],"collection":[{"href":"https:\/\/eagleutd.com\/fr\/wp-json\/wp\/v2\/pages"}],"about":[{"href":"https:\/\/eagleutd.com\/fr\/wp-json\/wp\/v2\/types\/page"}],"author":[{"embeddable":true,"href":"https:\/\/eagleutd.com\/fr\/wp-json\/wp\/v2\/users\/4"}],"replies":[{"embeddable":true,"href":"https:\/\/eagleutd.com\/fr\/wp-json\/wp\/v2\/comments?post=972"}],"version-history":[{"count":12,"href":"https:\/\/eagleutd.com\/fr\/wp-json\/wp\/v2\/pages\/972\/revisions"}],"predecessor-version":[{"id":3576,"href":"https:\/\/eagleutd.com\/fr\/wp-json\/wp\/v2\/pages\/972\/revisions\/3576"}],"wp:attachment":[{"href":"https:\/\/eagleutd.com\/fr\/wp-json\/wp\/v2\/media?parent=972"}],"curies":[{"name":"wp","href":"https:\/\/api.w.org\/{rel}","templated":true}]}}